{"id":129,"date":"2025-09-24T10:06:44","date_gmt":"2025-09-24T10:06:44","guid":{"rendered":"https:\/\/ayurveda-balance.com\/?page_id=129"},"modified":"2025-09-24T10:06:44","modified_gmt":"2025-09-24T10:06:44","slug":"flowcoaching","status":"publish","type":"page","link":"https:\/\/ayurveda-balance.com\/start\/flowcoaching\/","title":{"rendered":"FlowCoaching"},"content":{"rendered":"\n<div class=\"wp-block-group alignfull has-tertiary-background-color has-background has-global-padding is-layout-constrained wp-container-core-group-is-layout-832022f9 wp-block-group-is-layout-constrained\" style=\"margin-top:0;margin-bottom:0;padding-top:0;padding-right:0;padding-bottom:0;padding-left:0\">\n<div class=\"wp-block-cover alignfull is-light\" style=\"min-height:80vh;aspect-ratio:unset;\"><img loading=\"lazy\" decoding=\"async\" width=\"1366\" height=\"768\" class=\"wp-block-cover__image-background wp-image-188\" alt=\"\" src=\"https:\/\/ayurveda-balance.com\/wp-content\/uploads\/2025\/04\/Hero_FlowCoaching.png\" data-object-fit=\"cover\" srcset=\"https:\/\/ayurveda-balance.com\/wp-content\/uploads\/2025\/04\/Hero_FlowCoaching.png 1366w, https:\/\/ayurveda-balance.com\/wp-content\/uploads\/2025\/04\/Hero_FlowCoaching-300x169.png 300w, https:\/\/ayurveda-balance.com\/wp-content\/uploads\/2025\/04\/Hero_FlowCoaching-1024x576.png 1024w, https:\/\/ayurveda-balance.com\/wp-content\/uploads\/2025\/04\/Hero_FlowCoaching-768x432.png 768w, https:\/\/ayurveda-balance.com\/wp-content\/uploads\/2025\/04\/Hero_FlowCoaching-600x337.png 600w\" sizes=\"auto, (max-width: 1366px) 100vw, 1366px\" \/><span aria-hidden=\"true\" class=\"wp-block-cover__background has-background-dim-0 has-background-dim\" style=\"background-color:#ccbfb3\"><\/span><div class=\"wp-block-cover__inner-container is-layout-flow wp-block-cover-is-layout-flow\">\n<div class=\"wp-block-group has-global-padding is-content-justification-center is-layout-constrained wp-block-group-is-layout-constrained\" style=\"padding-top:var(--wp--preset--spacing--80);padding-bottom:var(--wp--preset--spacing--80)\">\n<div class=\"wp-block-group alignwide is-vertical is-layout-flex wp-container-core-group-is-layout-677696e2 wp-block-group-is-layout-flex\" style=\"padding-top:0;padding-right:0;padding-bottom:0;padding-left:0\">\n<div class=\"wp-block-group has-tertiary-background-color has-background has-global-padding is-content-justification-left is-layout-constrained wp-container-core-group-is-layout-79293495 wp-block-group-is-layout-constrained\" style=\"border-radius:2px;padding-top:var(--wp--preset--spacing--40);padding-right:var(--wp--preset--spacing--40);padding-bottom:var(--wp--preset--spacing--40);padding-left:var(--wp--preset--spacing--40)\">\n<h1 class=\"wp-block-heading has-foreground-color has-text-color\">Vom Dauerlauf in den Flow. Dein Weg zu mehr Energie und Lebensfreude<\/h1>\n\n\n\n<p class=\"has-foreground-color has-text-color\" style=\"margin-top:16px\">12-w\u00f6chiges Ayurveda Lifestyle Coaching Programm. <br>Modern. Pers\u00f6nlich. Wirkungsvoll.<\/p>\n\n\n\n<div class=\"wp-block-buttons is-layout-flex wp-container-core-buttons-is-layout-cb674176 wp-block-buttons-is-layout-flex\" style=\"margin-top:var(--wp--preset--spacing--30)\">\n<div class=\"wp-block-button\"><a class=\"wp-block-button__link wp-element-button\" href=\"\/terminbuchung\" target=\"_blank\" rel=\"noreferrer noopener\">Jetzt Erstgespr\u00e4ch buchen<\/a><\/div>\n<\/div>\n<\/div>\n<\/div>\n<\/div>\n<\/div><\/div>\n<\/div>\n\n\n\n<div class=\"wp-block-group alignwide has-background-background-color has-background has-global-padding is-layout-constrained wp-container-core-group-is-layout-930527b9 wp-block-group-is-layout-constrained\" style=\"margin-top:0;margin-bottom:0;padding-top:var(--wp--preset--spacing--60);padding-right:var(--wp--preset--spacing--30);padding-bottom:var(--wp--preset--spacing--60);padding-left:var(--wp--preset--spacing--30)\">\n<h2 class=\"wp-block-heading has-text-align-center has-large-font-size\">Dein Leben f\u00fchlt sich an wie ein Dauerlauf? <\/h2>\n\n\n\n<h5 class=\"wp-block-heading has-text-align-center\">Und du fragst dich: Wann hast du dich zuletzt gesund und voller Energie gef\u00fchlt?<\/h5>\n\n\n\n<p>Du bist erfolgreich, ehrgeizig &#8211; und stellst hohe Anspr\u00fcche an dich selbst. <br>Du willst Leistung bringen, funktionieren, alles unter einen Hut bringen. <br>Doch du stolperst st\u00e4ndig zwischen Beruf, Familie, und deinen eigenen Bed\u00fcrfnissen? Das strengt an. Und dein K\u00f6rper sendet dir immer deutlichere Signale: <\/p>\n\n\n\n<ul class=\"wp-block-list\">\n<li>Du f\u00fchlst dich oft <strong>m\u00fcde<\/strong> <strong>und<\/strong> <strong>ausgelaugt<\/strong>, obwohl du eigentlich genug schl\u00e4fst. <\/li>\n\n\n\n<li>Dir macht deine Verdauung zu schaffen: Bl\u00e4hbauch, V\u00f6llegef\u00fchl, unregelm\u00e4\u00dfiger Stuhlgang.<\/li>\n\n\n\n<li>Du hast regelm\u00e4\u00dfig <strong>Hei\u00dfhunger auf S\u00fc\u00dfes<\/strong> oder hangelst dich von einem <strong>Kaffee<\/strong> zum n\u00e4chsten &#8211; einfach um durchzuhalten. <\/li>\n\n\n\n<li>Du merkst wie du <strong>schneller gereizt <\/strong>bist &#8211; obwohl du dir doch mehr Gelassenheit w\u00fcnscht.<\/li>\n\n\n\n<li>Dein <strong>Zyklus ist aus dem Takt <\/strong>oder PMS bestimmt dein Wohlbefinden &#8211; aber niemand nimmt das wirklich ernst.<\/li>\n\n\n\n<li>Du hast Nahrungserg\u00e4nzungsmittel, Di\u00e4ten, Meditation und Apps ausprobiert, aber <strong>nichts hat nachhaltig gewirkt<\/strong>.  <\/li>\n<\/ul>\n\n\n\n<p class=\"has-text-align-left\">Tief in dir sp\u00fcrst du: So will ich nicht weitermachen. <br>Du willst dich wieder wohlf\u00fchlen in deinem K\u00f6rper. <br>Du willst dich kraftvoll, klar und lebendig f\u00fchlen.<br><strong>Zeit f\u00fcr einen Reset.<\/strong> <br><br>Beruflich k\u00fcrzer treten oder eine Auszeit nehmen?<br>Hie\u00dfe versagt zu haben. So weit soll es nicht kommen.<br><strong>Du willst&nbsp;beruflichen Erfolg&nbsp;UND&nbsp;ein erf\u00fclltes Privatleben.<\/strong><br>Du willst kraftvoll leben.<br><br><strong>Dann ist dieses Health und Mindset Coaching f\u00fcr dich<\/strong>!<br>Dein Reset beginnt mit Klarheit. Nutze das kostenfreie Kennenlerngespr\u00e4ch f\u00fcr eine professionelle Einsch\u00e4tzung, konkrete Impulse und die Chance, dich f\u00fcr mehr Gesundheit, Lebensfreude und Energie zu entscheiden.<\/p>\n\n\n\n<div class=\"wp-block-buttons is-layout-flex wp-block-buttons-is-layout-flex\">\n<div class=\"wp-block-button\"><a class=\"wp-block-button__link wp-element-button\" href=\"\/terminbuchung\">Jetzt Kennenlerngespr\u00e4ch buchen<\/a><\/div>\n<\/div>\n<\/div>\n\n\n\n<div class=\"wp-block-group alignfull has-background-background-color has-background has-global-padding is-layout-constrained wp-container-core-group-is-layout-7276a2bb wp-block-group-is-layout-constrained\" style=\"margin-top:0;margin-bottom:0;padding-top:var(--wp--preset--spacing--60);padding-right:var(--wp--preset--spacing--30);padding-bottom:var(--wp--preset--spacing--60);padding-left:var(--wp--preset--spacing--30)\">\n<div class=\"wp-block-columns alignwide are-vertically-aligned-center is-layout-flex wp-container-core-columns-is-layout-1d9f35bd wp-block-columns-is-layout-flex\">\n<div class=\"wp-block-column is-vertically-aligned-center is-layout-flow wp-block-column-is-layout-flow\">\n<figure class=\"wp-block-image aligncenter size-large ext-aspect-landscape is-style-rounded\"><img loading=\"lazy\" decoding=\"async\" width=\"625\" height=\"1024\" src=\"https:\/\/ayurveda-balance.com\/wp-content\/uploads\/2025\/05\/AyuBalance_Christina_front-e1747225632271-625x1024.jpg\" alt=\"Meet Christina\" class=\"wp-image-223\" style=\"aspect-ratio:3\/4;object-fit:cover\" srcset=\"https:\/\/ayurveda-balance.com\/wp-content\/uploads\/2025\/05\/AyuBalance_Christina_front-e1747225632271-625x1024.jpg 625w, https:\/\/ayurveda-balance.com\/wp-content\/uploads\/2025\/05\/AyuBalance_Christina_front-e1747225632271-183x300.jpg 183w, https:\/\/ayurveda-balance.com\/wp-content\/uploads\/2025\/05\/AyuBalance_Christina_front-e1747225632271-768x1258.jpg 768w, https:\/\/ayurveda-balance.com\/wp-content\/uploads\/2025\/05\/AyuBalance_Christina_front-e1747225632271-600x983.jpg 600w, https:\/\/ayurveda-balance.com\/wp-content\/uploads\/2025\/05\/AyuBalance_Christina_front-e1747225632271.jpg 823w\" sizes=\"auto, (max-width: 625px) 100vw, 625px\" \/><\/figure>\n<\/div>\n\n\n\n<div class=\"wp-block-column is-vertically-aligned-center is-layout-flow wp-block-column-is-layout-flow\">\n<div class=\"wp-block-group has-global-padding is-content-justification-left is-layout-constrained wp-container-core-group-is-layout-12dd3699 wp-block-group-is-layout-constrained\">\n<h2 class=\"wp-block-heading has-text-align-left\" style=\"margin-top:12px\">Ich kenne deine Situation. Und habe sie f\u00fcr mich gemeistert.<\/h2>\n\n\n\n<p style=\"margin-top:16px\">Ich wei\u00df, wie du dich f\u00fchlst. Jahrelang war ich in diesem Modus. Mein Alltag war durchgetaktet &#8211; mein Energielevel zunehmend im Sinkflug: <br>Mit Kaffee und S\u00fc\u00dfem rettete ich mich \u00fcber&#8217;s Nachmittagstief. Abends Sport, dann ersch\u00f6pft \u2013 und doch kein erholsamer Schlaf. Mein Gedankenkarussell drehte sich weiter. Das war mein Normal. Ich dachte, ich sei einfach nur vielbesch\u00e4ftigt. <br>Bis mein K\u00f6rper deutlicher wurde: <br>Konzentrationsprobleme. Verdauungs- und Zyklusbeschwerden. Ersch\u00f6pfung.<br><br><strong>Dann habe ich den Ayurveda f\u00fcr mich entdeckt und verstanden: <\/strong><br><br>1. Pauschale Tipps helfen nicht &#8211; jede Frau ist individuell und braucht etwas anderes. <\/p>\n\n\n\n<p>2. Kleine Ver\u00e4nderungen in Ern\u00e4hrung und Lebensstil sind DIE gro\u00dfen Hebel f\u00fcr unsere Gesundheit und unser Wohlbefinden.<\/p>\n\n\n\n<p style=\"margin-top:16px\">Nach nur drei Monaten konnte ich wieder fokussiert arbeiten.&nbsp;Die Leichtigkeit kam zur\u00fcck. Kaffee oder Schokolade? Brauche ich nicht mehr. G\u00f6nne ich mir manchmal trotzdem gerne. Als Genuss. Nicht als Push.<br><br>Heute lebe ich mein Leben mit voller Energie, Klarheit und innerer Balance. L\u00e4uft bei mir immer alles perfekt? Nat\u00fcrlich nicht. Doch ich wei\u00df wie ich in meine individuelle Balance und in meine Kraft zur\u00fcckfinde. <br><br><strong>Auch dein K\u00f6rper spricht l\u00e4ngst zu dir.  <\/strong><br>Im Kennenlerngespr\u00e4ch finden wir heraus, was du brauchst, um wieder mit Energie, Klarheit und Freude durch deinen Alltag zu gehen.<\/p>\n<\/div>\n<\/div>\n<\/div>\n\n\n\n<div class=\"wp-block-buttons is-content-justification-right is-layout-flex wp-container-core-buttons-is-layout-d445cf74 wp-block-buttons-is-layout-flex\">\n<div class=\"wp-block-button\"><a class=\"wp-block-button__link wp-element-button\" href=\"\/terminbuchung\">Zum Terminkalender<\/a><\/div>\n<\/div>\n<\/div>\n\n\n\n<div class=\"wp-block-group alignfull has-background-background-color has-background has-global-padding is-layout-constrained wp-container-core-group-is-layout-7276a2bb wp-block-group-is-layout-constrained\" style=\"margin-top:0;margin-bottom:0;padding-top:var(--wp--preset--spacing--60);padding-right:var(--wp--preset--spacing--30);padding-bottom:var(--wp--preset--spacing--60);padding-left:var(--wp--preset--spacing--30)\">\n<h2 class=\"wp-block-heading has-text-align-center has-large-font-size\">Gesundheit und Energie mit System &#8211; nicht mit Zufall. <\/h2>\n\n\n\n<p class=\"has-text-align-center\" style=\"margin-top:16px\">Im 12-w\u00f6chigen 1:1 Coaching holen wir dich raus aus dem Funktionsmodus. Ich begleite dich zur\u00fcck in deine Balance \u2013 k\u00f6rperlich, mental und emotional.<br>Mit fundiertem Ayurveda-Wissen, moderner Gesundheitspr\u00e4vention und einem Coaching, das dich wirklich sieht: pers\u00f6nlich, pragmatisch und ganzheitlich.<\/p>\n\n\n\n<p class=\"has-text-align-center\" style=\"margin-top:16px\"><strong>Ohne Esoterik \u2013 aber mit Tiefgang.<\/strong><br>Denn echte Gesundheit entsteht, wenn K\u00f6rper, Geist und Seele wieder im Einklang sind \u2013 und dein Alltag Raum l\u00e4sst f\u00fcr dich, deine Energie und deine Lebensfreude.<\/p>\n<\/div>\n\n\n\n<div class=\"wp-block-group alignfull has-tertiary-background-color has-background has-global-padding is-layout-constrained wp-container-core-group-is-layout-68d5e5bb wp-block-group-is-layout-constrained\" style=\"margin-top:0;margin-bottom:0;padding-top:var(--wp--preset--spacing--50);padding-right:var(--wp--preset--spacing--30);padding-bottom:var(--wp--preset--spacing--60);padding-left:var(--wp--preset--spacing--30)\">\n<div class=\"wp-block-columns alignwide is-layout-flex wp-container-core-columns-is-layout-47c06fe3 wp-block-columns-is-layout-flex\">\n<div class=\"wp-block-column is-layout-flow wp-block-column-is-layout-flow\">\n<h2 class=\"wp-block-heading has-large-font-size\">Was dich erwartet.<\/h2>\n\n\n\n<p style=\"margin-top:16px\">Entdecke wie Ayurveda dein Leben transformieren kann.<\/p>\n<\/div>\n\n\n\n<div class=\"wp-block-column is-layout-flow wp-block-column-is-layout-flow\">\n<div class=\"wp-block-group has-global-padding is-layout-constrained wp-block-group-is-layout-constrained\">\n<h3 class=\"wp-block-heading\" style=\"margin-top:16px;font-size:clamp(14px, 0.875rem + ((1vw - 3.2px) * 0.625), 20px);line-height:1.5\">Innere Balance<\/h3>\n\n\n\n<p class=\"has-small-font-size\" style=\"margin-top:8px\">Weil du lernst, Stress abzubauen, bevor er dich aus der Bahn wirft.<\/p>\n<\/div>\n\n\n\n<div class=\"wp-block-group has-global-padding is-layout-constrained wp-block-group-is-layout-constrained\">\n<h3 class=\"wp-block-heading\" style=\"margin-top:16px;font-size:clamp(14px, 0.875rem + ((1vw - 3.2px) * 0.625), 20px);line-height:1.5\">Mentale Klarheit<\/h3>\n\n\n\n<p class=\"has-small-font-size\" style=\"margin-top:8px\">Weil du dich fokussieren kannst auf das, was dir wirklich wichtig ist.<\/p>\n<\/div>\n\n\n\n<div class=\"wp-block-group has-global-padding is-layout-constrained wp-block-group-is-layout-constrained\">\n<h3 class=\"wp-block-heading\" style=\"margin-top:16px;font-size:clamp(14px, 0.875rem + ((1vw - 3.2px) * 0.625), 20px);line-height:1.5\">1:1 Coaching, das wirkt<\/h3>\n\n\n\n<p class=\"has-small-font-size\" style=\"margin-top:8px\">Individuelle Strategien, ehrliche Begleitung \u2013 und Ergebnisse, die du sp\u00fcrst, nicht nur verstehst.<\/p>\n<\/div>\n<\/div>\n\n\n\n<div class=\"wp-block-column is-layout-flow wp-block-column-is-layout-flow\">\n<div class=\"wp-block-group has-global-padding is-layout-constrained wp-block-group-is-layout-constrained\">\n<h3 class=\"wp-block-heading\" style=\"margin-top:16px;font-size:clamp(14px, 0.875rem + ((1vw - 3.2px) * 0.625), 20px);line-height:1.5\">Sp\u00fcrbar mehr Energie<\/h3>\n\n\n\n<p class=\"has-small-font-size\" style=\"margin-top:8px\">Weil du deinen K\u00f6rper besser verstehst &#8211; und ihm gibst, was er wirklich braucht.<\/p>\n<\/div>\n\n\n\n<div class=\"wp-block-group has-global-padding is-layout-constrained wp-block-group-is-layout-constrained\">\n<h3 class=\"wp-block-heading\" style=\"margin-top:16px;font-size:clamp(14px, 0.875rem + ((1vw - 3.2px) * 0.625), 20px);line-height:1.5\">Lebensfreude<\/h3>\n\n\n\n<p class=\"has-small-font-size\" style=\"margin-top:8px\">Weil du wieder f\u00fchlst, was dich erf\u00fcllt &#8211; und danach lebst.<\/p>\n<\/div>\n<\/div>\n<\/div>\n\n\n\n<p class=\"has-text-align-center\"><strong>Dieses Coaching ist f\u00fcr dich, wenn du keine Lust auf theoretische Konzepte hast, sondern auf sp\u00fcrbare Ergebnisse in deinem echten Alltag.<\/strong><\/p>\n<\/div>\n\n\n\n<div class=\"wp-block-media-text alignwide has-media-on-the-right is-stacked-on-mobile is-vertically-aligned-center is-image-fill-element\" style=\"padding-right:0;padding-left:0;grid-template-columns:auto 40%\"><div class=\"wp-block-media-text__content\">\n<div class=\"wp-block-group has-global-padding is-content-justification-left is-layout-constrained wp-container-core-group-is-layout-cdff7eec wp-block-group-is-layout-constrained\" style=\"padding-top:var(--wp--preset--spacing--30);padding-right:0;padding-bottom:var(--wp--preset--spacing--30);padding-left:0\">\n<h2 class=\"wp-block-heading has-large-font-size\">Dein 12-Wochen-Coaching im \u00dcberblick<\/h2>\n\n\n\n<p>Individuelle Begleitung, strukturiert, pers\u00f6nlich und auf Augenh\u00f6he. <\/p>\n\n\n\n<p><strong>12 Wochen 1:1 Live-Begleitung<\/strong><br>Individuelles Coaching via Zoom \u2013 pers\u00f6nlich und ganz auf dich zugeschnitten. Wir besprechen deinen Fortschritt, kl\u00e4ren Fragen, und passen die Action-Steps an deine Realit\u00e4t an.<\/p>\n\n\n\n<p><strong>Support per Messenger<\/strong> <strong>(Mo-Fr)<\/strong><br>Du bist nie auf dich allein gestellt. Ich bin im Alltag erreichbar f\u00fcr Fragen, motivierende Impulse oder Korrektur.<\/p>\n\n\n\n<p><strong>Individuelle Unterlagen <br><\/strong>Alltagstauglich und abgestimmt auf deine Bed\u00fcrfnisse. Praktische Tools zur Selbstreflexion, Umsetzung und Integration in deinen Alltag.<\/p>\n\n\n\n<p><strong>Rezepte &amp; Einkaufslisten<\/strong><br>Alltagstauglich, genussvoll und abgestimmt auf deine Bed\u00fcrfnisse \u2013 ohne Di\u00e4ten oder Verbote.<\/p>\n\n\n\n<p><strong>Mindset- &amp; Health-Coaching kombiniert<\/strong><br>Empfehlungen aus dem Ayurveda: individuell abgestimmte Impulse zu Routinen, Ern\u00e4hrung und Self-Care f\u00fcr nachhaltige Ergebnisse \u2013 k\u00f6rperlich, mental und emotional.<\/p>\n\n\n\n<p><strong>Praktische Umsetzung statt Theorie<\/strong><br>Strategien, die in deinem Alltag wirken \u2013 klar, modern und ohne Umwege.<\/p>\n\n\n\n<div class=\"wp-block-buttons is-layout-flex wp-container-core-buttons-is-layout-12dcd427 wp-block-buttons-is-layout-flex\" style=\"margin-top:var(--wp--preset--spacing--40)\">\n<div class=\"wp-block-button\"><a class=\"wp-block-button__link wp-element-button\" href=\"\/terminbuchung\">Jetzt Erstgespr\u00e4ch buchen<\/a><\/div>\n<\/div>\n<\/div>\n<\/div><figure class=\"wp-block-media-text__media\"><img loading=\"lazy\" decoding=\"async\" width=\"768\" height=\"1024\" src=\"https:\/\/ayurveda-balance.com\/wp-content\/uploads\/2025\/04\/Portrait_CG_3-768x1024.jpg\" alt=\"\" class=\"wp-image-146 size-full\" style=\"object-position:50% 50%\" srcset=\"https:\/\/ayurveda-balance.com\/wp-content\/uploads\/2025\/04\/Portrait_CG_3-768x1024.jpg 768w, https:\/\/ayurveda-balance.com\/wp-content\/uploads\/2025\/04\/Portrait_CG_3-225x300.jpg 225w, https:\/\/ayurveda-balance.com\/wp-content\/uploads\/2025\/04\/Portrait_CG_3-1152x1536.jpg 1152w, https:\/\/ayurveda-balance.com\/wp-content\/uploads\/2025\/04\/Portrait_CG_3-600x800.jpg 600w, https:\/\/ayurveda-balance.com\/wp-content\/uploads\/2025\/04\/Portrait_CG_3.jpg 1536w\" sizes=\"auto, (max-width: 768px) 100vw, 768px\" \/><\/figure><\/div>\n\n\n\n<p><\/p>\n\n\n\n<p><\/p>\n","protected":false},"excerpt":{"rendered":"<p>Dein Leben f\u00fchlt sich an wie ein Dauerlauf? Und du fragst dich: Wann hast du dich zuletzt gesund und voller Energie gef\u00fchlt? Du bist erfolgreich, ehrgeizig &#8211; und stellst hohe Anspr\u00fcche an dich selbst. Du willst Leistung bringen, funktionieren, alles unter einen Hut bringen. Doch du stolperst st\u00e4ndig zwischen Beruf, Familie, und deinen eigenen Bed\u00fcrfnissen? [&hellip;]<\/p>\n","protected":false},"author":1,"featured_media":0,"parent":0,"menu_order":0,"comment_status":"closed","ping_status":"closed","template":"no-title","meta":{"om_disable_all_campaigns":false,"_monsterinsights_skip_tracking":false,"_monsterinsights_sitenote_active":false,"_monsterinsights_sitenote_note":"","_monsterinsights_sitenote_category":0,"footnotes":""},"class_list":["post-129","page","type-page","status-publish","hentry"],"aioseo_notices":[],"_links":{"self":[{"href":"https:\/\/ayurveda-balance.com\/start\/wp-json\/wp\/v2\/pages\/129","targetHints":{"allow":["GET"]}}],"collection":[{"href":"https:\/\/ayurveda-balance.com\/start\/wp-json\/wp\/v2\/pages"}],"about":[{"href":"https:\/\/ayurveda-balance.com\/start\/wp-json\/wp\/v2\/types\/page"}],"author":[{"embeddable":true,"href":"https:\/\/ayurveda-balance.com\/start\/wp-json\/wp\/v2\/users\/1"}],"replies":[{"embeddable":true,"href":"https:\/\/ayurveda-balance.com\/start\/wp-json\/wp\/v2\/comments?post=129"}],"version-history":[{"count":30,"href":"https:\/\/ayurveda-balance.com\/start\/wp-json\/wp\/v2\/pages\/129\/revisions"}],"predecessor-version":[{"id":323,"href":"https:\/\/ayurveda-balance.com\/start\/wp-json\/wp\/v2\/pages\/129\/revisions\/323"}],"wp:attachment":[{"href":"https:\/\/ayurveda-balance.com\/start\/wp-json\/wp\/v2\/media?parent=129"}],"curies":[{"name":"wp","href":"https:\/\/api.w.org\/{rel}","templated":true}]}}